{"id":208,"date":"2024-10-22T10:31:21","date_gmt":"2024-10-22T13:31:21","guid":{"rendered":"https:\/\/www.upfpra.org.ar\/sitio\/?page_id=208"},"modified":"2025-04-09T11:32:48","modified_gmt":"2025-04-09T14:32:48","slug":"turismo-isla-27-de-enero-bs-as","status":"publish","type":"page","link":"https:\/\/www.upfpra.org.ar\/sitio\/turismo-isla-27-de-enero-bs-as\/","title":{"rendered":"Turismo &#8211; Isla 27 de Enero (Bs.As.)"},"content":{"rendered":"\n<p class=\"has-text-align-center\"><\/p>\n\n\n\n<figure class=\"wp-block-image size-large\"><img loading=\"lazy\" decoding=\"async\" width=\"1024\" height=\"724\" src=\"https:\/\/www.upfpra.org.ar\/sitio\/wp-content\/uploads\/2025\/04\/Isla-1024x724.jpg\" alt=\"\" class=\"wp-image-557\" srcset=\"https:\/\/www.upfpra.org.ar\/sitio\/wp-content\/uploads\/2025\/04\/Isla-1024x724.jpg 1024w, https:\/\/www.upfpra.org.ar\/sitio\/wp-content\/uploads\/2025\/04\/Isla-300x212.jpg 300w, https:\/\/www.upfpra.org.ar\/sitio\/wp-content\/uploads\/2025\/04\/Isla-768x543.jpg 768w, https:\/\/www.upfpra.org.ar\/sitio\/wp-content\/uploads\/2025\/04\/Isla-1536x1086.jpg 1536w, https:\/\/www.upfpra.org.ar\/sitio\/wp-content\/uploads\/2025\/04\/Isla-2048x1448.jpg 2048w, https:\/\/www.upfpra.org.ar\/sitio\/wp-content\/uploads\/2025\/04\/Isla-85x60.jpg 85w\" sizes=\"auto, (max-width: 1024px) 100vw, 1024px\" \/><\/figure>\n\n\n\n<p><\/p>\n\n\n\n<p><strong><u>Disposiciones Generales Vigentes<\/u><\/strong><strong><u><br><\/u><\/strong><strong><br><\/strong><strong>Estad\u00eda sin cargo alguno para el Afiliado\/a y su grupo familiar a cargo<\/strong><strong>.<br><br><\/strong><\/p>\n\n\n\n<p><strong><u>Compa\u00f1eros\/as Afiliados\/as<\/u><\/strong><strong><u><br><\/u><\/strong>Para disfrutar de las instalaciones de la Isla \u201c27 de Enero\u201d, deber\u00e1 llamar con anterioridad a Nuestra Sede Central a los tel\u00e9fonos 4611-7428, 4612-7826, 4613-1979\/3960 en el horario de 09:00 a 18:00 hs. de esta manera obtendr\u00e1 la <strong>reserva con la orden correspondiente, <\/strong>\u00a0evit\u00e1ndose inconvenientes al momento del arribo a la isla.<br><br><\/p>\n\n\n\n<p><strong><u>Documentaci\u00f3n Identificadora:<\/u><\/strong><strong><u><br><\/u><\/strong>Es obligaci\u00f3n del afiliado que concurra a la isla, presentar&nbsp; al Sr. Encargado la orden suministrada por la Organizaci\u00f3n Gremial, carnet de afiliado con cup\u00f3n de la cuota Sindical al d\u00eda, \u00faltimo recibo de sueldo y Documento de Identidad. Siendo registrado en el correspondiente libro de registro de afiliado.<br><br><\/p>\n\n\n\n<p><strong><u>Uso de Armas<\/u><\/strong><strong><u>:<\/u><\/strong><br>Queda terminantemente prohibi\u00f3 la exhibici\u00f3n&nbsp; y portaci\u00f3n de armas de fuego, armas de aire comprimido de cualquier tipo y\/o armas blancas. Quien la porte ser\u00e1 retirado del predio por la Prefectura Naval Argentina.<br><br><\/p>\n\n\n\n<p><strong><u>Destrucci\u00f3n de Arboles o Plantas:<\/u><\/strong><br>Queda terminantemente prohibido la destrucci\u00f3n de plantas o \u00e1rboles. Para el encendido del fuego deber\u00e1 utilizarse la madera destinada para tal fin y encender el mismo en los lugares determinados por el Sr. Encargado.<br><br><\/p>\n\n\n\n<p><strong><u>Iluminaci\u00f3n y\/o Faroles<\/u><\/strong><strong><u>:<\/u><\/strong>&nbsp;<br>Se comunica a todos los Afiliados\/as que en dicho predio funciona 2(dos) grupos electr\u00f3genos, 1 (un) equipo permanecer\u00e1 encendido hasta las 24 hs. el que abastece de electricidad a todo el complejo, incluyendo el muelle de pesca y atracadero para el descenso de pasajero. El muelle cuenta con nueva iluminaci\u00f3n que posibilitar\u00e1 realizar la actividad de pesca hasta las 24 hs. El afiliado\/a que permanezca en el mismo despu\u00e9s de este horario deber\u00e1 llevar linterna o farol, por cuanto lo existente son de uso exclusivo para caso de emergencia, por consiguiente el Sr. encargado no podr\u00e1 hacer entrega de los mismos, para uso de la pesca. <strong>No habr\u00e1 excepciones referente al uso de estos elementos.<br><br><\/strong><\/p>\n\n\n\n<p><strong><u>Imprudencia:<\/u><\/strong><strong><u><br><\/u><\/strong>La Organizaci\u00f3n no se har\u00e1 responsable por aquellos afiliados\/as que incurrieran en imprudencia al nadar o zambullirse en la costa del Rio Paran\u00e1 y los canales laterales de desagote, pr\u00e1cticas que se encuentran prohibidas por la Prefectura Naval Argentina y disposiciones Legales Vigentes de la Provincia de Buenos Aires.<br><br><\/p>\n\n\n\n<p><strong><u>Uso de las heladeras<\/u><\/strong><strong><u>:<\/u><\/strong><strong><br><\/strong>El afiliado\/a tiene la obligaci\u00f3n de mantenerlas limpias y en perfecto estado de conservaci\u00f3n, siendo responsable de los malos tratos o deterioro causando a las mismas. Queda terminantemente prohibida la conservaci\u00f3n en las heladeras la pesca obtenida.<br><br><\/p>\n\n\n\n<p><strong><u>Uso habitacional<\/u><\/strong><strong><u>:<\/u><\/strong><strong><br><\/strong>Es obligaci\u00f3n mantenerlas en perfecto estado de conservaci\u00f3n y limpieza. La destrucci\u00f3n o deterioro por mal uso de estos elementos har\u00e1n posible a los responsables de las sanciones estatutarias adem\u00e1s del cobro, reposici\u00f3n o reparaci\u00f3n.<br><br><\/p>\n\n\n\n<p><strong><u>Uso indebido de los elementos recibidos<\/u><\/strong><strong><u>:<\/u><\/strong><strong><br><\/strong>Queda terminantemente prohibido el uso de colchones, almohadas y frazadas fuera de las habitaciones asignadas. El Sr. encargado informara a esta Comisi\u00f3n Directiva de las infracciones a esta disposici\u00f3n&nbsp; a fin de tomar las medidas disciplinarias correspondientes.<br><br><\/p>\n\n\n\n<p><strong><u>Uso de las Cocina a Gas<\/u><\/strong><strong><u>:<\/u><\/strong><strong><br><\/strong>Quienes hagan uso de dicho elementos deber\u00e1n conservarlas limpias y en buen estado de funcionamiento, debido a que los mismos, al ser mal usados pueden producir graves da\u00f1os humanos y materiales.<br><br><\/p>\n\n\n\n<p><strong><u>Frazadas:<\/u><\/strong><strong><br><\/strong>El Sr. encargado entregara al afiliado\/a una frazada de cama. La misma deber\u00e1 ser devuelta al final de la estad\u00eda siendo responsable el afiliado\/a de su p\u00e9rdida o deterioro.<br><br><\/p>\n\n\n\n<p><strong><u>Sabanas y Fundas<\/u><\/strong><strong><u>:<br><\/u><\/strong>Los afiliados deber\u00e1n concurrir provisto de las sabanas y fundas de almohadas. Dicha roper\u00eda deber\u00e1 ser presentada ante el encargado de los contrario no podr\u00e1 utilizar la cama prevista para su estad\u00eda.<br><br><\/p>\n\n\n\n<p><strong><u>Utensilios de Cocina:<br><\/u><\/strong>El Sr. encargado tendr\u00e1 obligaci\u00f3n de proveer al Afiliado\/a los utensilios de cocina que estar\u00e1n a su exclusivo cargo. El Afiliado\/a firmara recibo de conformidad de la entrega, debiendo devolver estos elementos al retirarse de la isla. Los concurrentes deber\u00e1n desocupar las habitaciones y devolver los elementos entregados por el Sr. encargado 1(una) hora antes de abandonar la isla para verificar el estado de las mismas. La Comisi\u00f3n Directiva y la Administraci\u00f3n de la isla no se har\u00e1n cargo de los extrav\u00edos de pertenencias de los concurrentes. Los compa\u00f1eros afiliados\/as que utilicen las instalaciones deber\u00e1n respetar todas las indicaciones, que el Sr. encargado les imparta, a los efectos de realizar un buen uso y conservaciones de los elementos que esta Organizaci\u00f3n ha puesto al servicio de los afiliados\/as. Respetando las normas se evitara el deterioro innecesario de los mismos y se lograra la posibilidad de brindar el m\u00e1ximo confort a los asistentes, siendo este resultado uno de los m\u00e1s claros objetivos de la Organizaci\u00f3n. Aquel que incurriera en infracciones, violando las disposiciones vigentes respeto del uso indebido de las instalaciones que son patrimonio del Gremio, podr\u00e1n ser sancionados mediante el Estatuto Social Vigente Art. 8\u00b0 R\u00e9gimen disciplinario y no pudiendo concurrir a este centro hasta nueva disposici\u00f3n de la Comisi\u00f3n Directiva del Gremio.<br><br><\/p>\n\n\n\n<p><strong><u>Invitados y costos:<\/u><\/strong><strong><br><\/strong>Por razones de seguridad los seguros de vida o accidentes no est\u00e1n previstos su cobertura.<br><br><\/p>\n\n\n\n<p><strong><u>La Comisi\u00f3n directiva se reserva el derecho de admisi\u00f3n y permanencia en el predio.<\/u><\/strong><\/p>\n\n\n\n<p><strong>Dicho predio es sin cargo para el Afiliado\/a y su grupo familiar<br><br><\/strong><\/p>\n\n\n\n<p>La Isla 27 de Enero se encuentra en el Paran\u00e1 de las Palmas, Partido de Escobar.<br>Horario de lanchas \u201cEl Jilguero\u201d desde el puerto de Escobar:<br>IDA: Lunes a Domingos &nbsp;10:00 hs. (SE REQUIERE ESTAR 10 MINUTOS ANTES)<br>REGRESO: Lunes a Domingos &nbsp;16:00 hs.<br>Para llegar al puerto desde la estaci\u00f3n de Escobar tomar la Av. Tapia de Cruz, camino al cazador hasta el puerto.<br>Tomar la lancha \u201cEl jilguero\u201d hasta la Isla \u201c27 de Enero&nbsp; TEL:4749-0987<br>Para solicitar informaci\u00f3n deben comunicarse a los tel\u00e9fonos U.P.F.P.A.R.A: <a href=\"http:\/\/www.upfpra.org.ar\/index.php\/contactenos\" target=\"_blank\" rel=\"noreferrer noopener\">CONTACTO<\/a>.<br><br><strong>Ofrece en sus 10 hect\u00e1reas las siguientes comodidades:<\/strong><\/p>\n\n\n\n<p>&#8211; 2 \u00a0Habitaciones de 2 camas<br>&#8211; 8 \u00a0Habitaciones de 4 camas<br>&#8211; 2 Heladeras y Freezer<br>&#8211; 2 Cocinas a gas<br>&#8211; Vajillas de Cocina<br>&#8211; Parrillas y mesas en el parque<br>&#8211; 2 Termotanques de agua caliente de 110 litros<br>&#8211; Ba\u00f1os instalados con agua fr\u00eda y caliente<br>&#8211; Muelle de pesca con iluminaci\u00f3n y atracadero lanchas.<br>&#8211; Parque con frondosa arboleda<br>&#8211; Instalaciones de un zeppel\u00edn de gas envasado de 2 Mts3.<br><\/p>\n\n\n\n<p class=\"has-text-align-center\"><strong>Requisito: Obligatorio sin la respectiva orden emitida por la Organizaci\u00f3n sindical no podr\u00e1n ingresar a la \u201cIsla 27 de Enero\u201d. No se otorgar\u00e1n excepciones.<\/strong><\/p>\n\n\n\n<p class=\"has-text-align-center\"><strong>El aporte del afiliado\/a, retorna en beneficios sociales, recreaci\u00f3n y esparcimiento \u00a1\u00a1\u00a1CUIDELO!!! Es suyo. Gracias<\/strong><\/p>\n\n\n\n<hr class=\"wp-block-separator has-alpha-channel-opacity\"\/>\n\n\n\n<p class=\"has-text-align-center\"><strong>ISLA \u201c 27 DE ENERO\u201d\u00a0\u00a0 PARAN\u00c1 DE LAS PALMAS<\/strong><br><strong>OBRAS E INVERSIONES<\/strong><br><strong>\u201cUN PROYECTO EN MARCHA\u201d<\/strong><\/p>\n\n\n\n<p class=\"has-text-align-center\">La\u00a0 oposici\u00f3n intento con maniobras\u00a0 suspender estas importantes obras y mejoras necesarias que incrementaron el patrimonio de nuestro sindicato y mejoro la seguridad del afiliado\/a y su grupo familiar concurrente.<\/p>\n\n\n\n<p class=\"has-text-align-center\"><\/p>\n\n\n\n<figure class=\"wp-block-image size-large\"><img loading=\"lazy\" decoding=\"async\" width=\"1024\" height=\"489\" src=\"https:\/\/www.upfpra.org.ar\/sitio\/wp-content\/uploads\/2024\/10\/reformas_isla_1-1024x489.png\" alt=\"\" class=\"wp-image-210\" srcset=\"https:\/\/www.upfpra.org.ar\/sitio\/wp-content\/uploads\/2024\/10\/reformas_isla_1-1024x489.png 1024w, https:\/\/www.upfpra.org.ar\/sitio\/wp-content\/uploads\/2024\/10\/reformas_isla_1-300x143.png 300w, https:\/\/www.upfpra.org.ar\/sitio\/wp-content\/uploads\/2024\/10\/reformas_isla_1-768x367.png 768w, https:\/\/www.upfpra.org.ar\/sitio\/wp-content\/uploads\/2024\/10\/reformas_isla_1-126x60.png 126w, https:\/\/www.upfpra.org.ar\/sitio\/wp-content\/uploads\/2024\/10\/reformas_isla_1.png 1422w\" sizes=\"auto, (max-width: 1024px) 100vw, 1024px\" \/><\/figure>\n\n\n\n<figure class=\"wp-block-image size-large\"><img loading=\"lazy\" decoding=\"async\" width=\"1024\" height=\"430\" src=\"https:\/\/www.upfpra.org.ar\/sitio\/wp-content\/uploads\/2024\/10\/reformas_isla_2-1024x430.png\" alt=\"\" class=\"wp-image-211\" srcset=\"https:\/\/www.upfpra.org.ar\/sitio\/wp-content\/uploads\/2024\/10\/reformas_isla_2-1024x430.png 1024w, https:\/\/www.upfpra.org.ar\/sitio\/wp-content\/uploads\/2024\/10\/reformas_isla_2-300x126.png 300w, https:\/\/www.upfpra.org.ar\/sitio\/wp-content\/uploads\/2024\/10\/reformas_isla_2-768x322.png 768w, https:\/\/www.upfpra.org.ar\/sitio\/wp-content\/uploads\/2024\/10\/reformas_isla_2-1290x540.png 1290w, https:\/\/www.upfpra.org.ar\/sitio\/wp-content\/uploads\/2024\/10\/reformas_isla_2-143x60.png 143w, https:\/\/www.upfpra.org.ar\/sitio\/wp-content\/uploads\/2024\/10\/reformas_isla_2.png 1430w\" sizes=\"auto, (max-width: 1024px) 100vw, 1024px\" \/><\/figure>\n\n\n\n<figure class=\"wp-block-video\"><video controls src=\"https:\/\/www.upfpra.org.ar\/sitio\/uploads\/videos\/Isla_27_de_Enero.mp4\"><\/video><\/figure>\n\n\n\n<p><strong>\u201c<\/strong><strong>Isla<\/strong> <strong>27 de Enero<\/strong> &#8220;<br>RIO PARANA&nbsp; DE LAS PALMAS<\/p>\n\n\n\n<p>KILOMETRO 81<\/p>\n\n\n\n<p>PROVINCIA DE BUENOS AIRES<\/p>\n","protected":false},"excerpt":{"rendered":"<p>Disposiciones Generales VigentesEstad\u00eda sin cargo alguno para el Afiliado\/a y su grupo familiar a cargo. Compa\u00f1eros\/as Afiliados\/asPara disfrutar de las instalaciones de la Isla \u201c27 de Enero\u201d, deber\u00e1 llamar con anterioridad a Nuestra Sede Central a los tel\u00e9fonos 4611-7428, 4612-7826, 4613-1979\/3960 en el horario de &hellip; <\/p>\n","protected":false},"author":1,"featured_media":0,"parent":0,"menu_order":0,"comment_status":"closed","ping_status":"closed","template":"","meta":{"footnotes":""},"class_list":["post-208","page","type-page","status-publish","hentry"],"_links":{"self":[{"href":"https:\/\/www.upfpra.org.ar\/sitio\/wp-json\/wp\/v2\/pages\/208","targetHints":{"allow":["GET"]}}],"collection":[{"href":"https:\/\/www.upfpra.org.ar\/sitio\/wp-json\/wp\/v2\/pages"}],"about":[{"href":"https:\/\/www.upfpra.org.ar\/sitio\/wp-json\/wp\/v2\/types\/page"}],"author":[{"embeddable":true,"href":"https:\/\/www.upfpra.org.ar\/sitio\/wp-json\/wp\/v2\/users\/1"}],"replies":[{"embeddable":true,"href":"https:\/\/www.upfpra.org.ar\/sitio\/wp-json\/wp\/v2\/comments?post=208"}],"version-history":[{"count":16,"href":"https:\/\/www.upfpra.org.ar\/sitio\/wp-json\/wp\/v2\/pages\/208\/revisions"}],"predecessor-version":[{"id":561,"href":"https:\/\/www.upfpra.org.ar\/sitio\/wp-json\/wp\/v2\/pages\/208\/revisions\/561"}],"wp:attachment":[{"href":"https:\/\/www.upfpra.org.ar\/sitio\/wp-json\/wp\/v2\/media?parent=208"}],"curies":[{"name":"wp","href":"https:\/\/api.w.org\/{rel}","templated":true}]}}