{"id":40,"date":"2024-03-05T14:30:49","date_gmt":"2024-03-05T17:30:49","guid":{"rendered":"https:\/\/www.upfpra.org.ar\/sitio\/?page_id=40"},"modified":"2025-01-09T11:54:40","modified_gmt":"2025-01-09T14:54:40","slug":"beneficios","status":"publish","type":"page","link":"https:\/\/www.upfpra.org.ar\/sitio\/beneficios\/","title":{"rendered":"Secretaria de Acci\u00f3n Social &#8211; Beneficios"},"content":{"rendered":"\n<p><strong>&#8220;Compa\u00f1eros\/as Afiliados \/ as:&#8221;<\/strong><br><br>La Uni\u00f3n del Personal de Fabricas de Pinturas y Afines de la R.A. otorga los siguientes Beneficios:<\/p>\n\n\n\n<ul class=\"wp-block-list\">\n<li><strong>Escolaridad Primaria:&nbsp;<\/strong>se entregan un par de zapatillas, una mochila, un kit escolar y un guardapolvo blanco aprobado por el Ministerio de Educaci\u00f3n, sin cargo alguno.<\/li>\n\n\n\n<li><strong>Escolaridad Secundaria:&nbsp;<\/strong>se entrega un par de zapatillas, una mochila y un kit escolar, sin cargo alguno.<\/li>\n\n\n\n<li><strong>Beneficio por Matrimonio:<\/strong>&nbsp;Todo Afiliado\/a que contraiga matrimonio, tiene 7 d\u00edas gratis de alojamiento con pensi\u00f3n completa en nuestra Colonia \u201cLa Nueva Argentina\u201d Sita en R\u00edo Ceballos Provincia de C\u00f3rdoba.<\/li>\n\n\n\n<li><strong>Asesoramiento Legal:<\/strong>\u00a0nuestros Afiliados\/as reciben en forma gratuita asesoramiento legal a cargo de los Abogados Dr. Alejandro Ferrari y Dr. Pablo Kiel, los d\u00edas Martes y Jueves de 15:30 a 17:00 hs. o realizar consultas a la direccion de correo :\u00a0<a href=\"mailto:estudio@ferrarikiel.com.ar\">estudio@ferrarikiel.com.ar<\/a><\/li>\n\n\n\n<li><strong>Asesoramiento Previsional:&nbsp;<\/strong>Tramites de Jubilaciones y Pensiones sin cargo alguno los d\u00edas Mi\u00e9rcoles y Viernes de 12:30 a 14:30 hs. Gestor Gregorio Demko<\/li>\n<\/ul>\n\n\n\n<h4 class=\"wp-block-heading\"><strong>Para poder contactarno, por consultas, hacer click en el siguiente link:&nbsp;<a href=\"https:\/\/www.upfpra.org.ar\/index.php\/contactenos\">CONTACTO<\/a>.&nbsp;<\/strong><\/h4>\n\n\n\n<p><br><strong>\u201cSolo la Organizaci\u00f3n Sindical har\u00e1 posible lograr un m\u00e1ximo de Justicia Social\u201d<br>BENEFICIOS SOCIALES OTORGADOS POR LA OBRA SOCIAL<\/strong><\/p>\n\n\n\n<p><strong>CLAUDIO NESTOR ETCHEVERRI<\/strong><\/p>\n\n\n\n<p>Secretario de Acci\u00f3n Social<strong><br>U.P.F.P.A. R.A.<\/strong><\/p>\n","protected":false},"excerpt":{"rendered":"<p>&#8220;Compa\u00f1eros\/as Afiliados \/ as:&#8221; La Uni\u00f3n del Personal de Fabricas de Pinturas y Afines de la R.A. otorga los siguientes Beneficios: Para poder contactarno, por consultas, hacer click en el siguiente link:&nbsp;CONTACTO.&nbsp; \u201cSolo la Organizaci\u00f3n Sindical har\u00e1 posible lograr un m\u00e1ximo de Justicia Social\u201dBENEFICIOS SOCIALES &hellip; <\/p>\n","protected":false},"author":1,"featured_media":0,"parent":0,"menu_order":0,"comment_status":"closed","ping_status":"closed","template":"","meta":{"footnotes":""},"class_list":["post-40","page","type-page","status-publish","hentry"],"_links":{"self":[{"href":"https:\/\/www.upfpra.org.ar\/sitio\/wp-json\/wp\/v2\/pages\/40","targetHints":{"allow":["GET"]}}],"collection":[{"href":"https:\/\/www.upfpra.org.ar\/sitio\/wp-json\/wp\/v2\/pages"}],"about":[{"href":"https:\/\/www.upfpra.org.ar\/sitio\/wp-json\/wp\/v2\/types\/page"}],"author":[{"embeddable":true,"href":"https:\/\/www.upfpra.org.ar\/sitio\/wp-json\/wp\/v2\/users\/1"}],"replies":[{"embeddable":true,"href":"https:\/\/www.upfpra.org.ar\/sitio\/wp-json\/wp\/v2\/comments?post=40"}],"version-history":[{"count":8,"href":"https:\/\/www.upfpra.org.ar\/sitio\/wp-json\/wp\/v2\/pages\/40\/revisions"}],"predecessor-version":[{"id":490,"href":"https:\/\/www.upfpra.org.ar\/sitio\/wp-json\/wp\/v2\/pages\/40\/revisions\/490"}],"wp:attachment":[{"href":"https:\/\/www.upfpra.org.ar\/sitio\/wp-json\/wp\/v2\/media?parent=40"}],"curies":[{"name":"wp","href":"https:\/\/api.w.org\/{rel}","templated":true}]}}